{"id":8,"date":"2021-08-23T16:07:25","date_gmt":"2021-08-23T16:07:25","guid":{"rendered":"http:\/\/bachman-detailing.pl\/?page_id=8"},"modified":"2021-08-24T22:16:19","modified_gmt":"2021-08-24T22:16:19","slug":"strona-glowna","status":"publish","type":"page","link":"https:\/\/bachman-detailing.pl\/","title":{"rendered":"Strona g\u0142\u00f3wna"},"content":{"rendered":"\n<p>Witamy na stronie frimy Bachman Detaling, zach\u0119camy do zapoznania si\u0119 z nasz\u0105 ofert\u0105. <\/p>\n\n\n\n<p>W przypadku pyta\u0144, prosimy o kontakt telefoniczny.<\/p>\n","protected":false},"excerpt":{"rendered":"<p>Witamy na stronie frimy Bachman Detaling, zach\u0119camy do zapoznania si\u0119 z nasz\u0105 ofert\u0105. W przypadku pyta\u0144, prosimy o kontakt telefoniczny.<\/p>\n","protected":false},"author":1,"featured_media":29,"parent":0,"menu_order":0,"comment_status":"closed","ping_status":"closed","template":"","meta":{"footnotes":""},"class_list":["post-8","page","type-page","status-publish","has-post-thumbnail","hentry"],"_links":{"self":[{"href":"https:\/\/bachman-detailing.pl\/index.php\/wp-json\/wp\/v2\/pages\/8","targetHints":{"allow":["GET"]}}],"collection":[{"href":"https:\/\/bachman-detailing.pl\/index.php\/wp-json\/wp\/v2\/pages"}],"about":[{"href":"https:\/\/bachman-detailing.pl\/index.php\/wp-json\/wp\/v2\/types\/page"}],"author":[{"embeddable":true,"href":"https:\/\/bachman-detailing.pl\/index.php\/wp-json\/wp\/v2\/users\/1"}],"replies":[{"embeddable":true,"href":"https:\/\/bachman-detailing.pl\/index.php\/wp-json\/wp\/v2\/comments?post=8"}],"version-history":[{"count":3,"href":"https:\/\/bachman-detailing.pl\/index.php\/wp-json\/wp\/v2\/pages\/8\/revisions"}],"predecessor-version":[{"id":151,"href":"https:\/\/bachman-detailing.pl\/index.php\/wp-json\/wp\/v2\/pages\/8\/revisions\/151"}],"wp:featuredmedia":[{"embeddable":true,"href":"https:\/\/bachman-detailing.pl\/index.php\/wp-json\/wp\/v2\/media\/29"}],"wp:attachment":[{"href":"https:\/\/bachman-detailing.pl\/index.php\/wp-json\/wp\/v2\/media?parent=8"}],"curies":[{"name":"wp","href":"https:\/\/api.w.org\/{rel}","templated":true}]}}