{"id":11,"date":"2021-08-23T16:07:25","date_gmt":"2021-08-23T16:07:25","guid":{"rendered":"http:\/\/bachman-detailing.pl\/?page_id=11"},"modified":"2024-09-25T11:20:00","modified_gmt":"2024-09-25T09:20:00","slug":"cennik","status":"publish","type":"page","link":"https:\/\/bachman-detailing.pl\/index.php\/cennik\/","title":{"rendered":"Cennik"},"content":{"rendered":"\n<div class=\"wp-block-media-text alignwide is-stacked-on-mobile\"><figure class=\"wp-block-media-text__media\"><a href=\"https:\/\/bachman-detailing.pl\/index.php\/pranie-tapicerki\/\"><img loading=\"lazy\" decoding=\"async\" width=\"1024\" height=\"683\" src=\"https:\/\/bachman-detailing.pl\/wp-content\/uploads\/2021\/08\/IMG_2796-1-1024x683.jpg\" alt=\"pranie tapicerki\" class=\"wp-image-115 size-full\" srcset=\"https:\/\/bachman-detailing.pl\/wp-content\/uploads\/2021\/08\/IMG_2796-1-1024x683.jpg 1024w, https:\/\/bachman-detailing.pl\/wp-content\/uploads\/2021\/08\/IMG_2796-1-300x200.jpg 300w, https:\/\/bachman-detailing.pl\/wp-content\/uploads\/2021\/08\/IMG_2796-1-768x512.jpg 768w, https:\/\/bachman-detailing.pl\/wp-content\/uploads\/2021\/08\/IMG_2796-1-1536x1024.jpg 1536w, https:\/\/bachman-detailing.pl\/wp-content\/uploads\/2021\/08\/IMG_2796-1-2048x1365.jpg 2048w\" sizes=\"auto, (max-width: 767px) 89vw, (max-width: 1000px) 54vw, (max-width: 1071px) 543px, 580px\" \/><\/a><\/figure><div class=\"wp-block-media-text__content\">\n<p class=\"has-medium-font-size\"><a href=\"https:\/\/bachman-detailing.pl\/index.php\/pranie-tapicerki\/\" data-type=\"URL\" data-id=\"https:\/\/bachman-detailing.pl\/index.php\/pranie-tapicerki\/\">Pranie tapicerki samochodowej<\/a><\/p>\n\n\n\n<p>Cena od 350z\u0142<\/p>\n\n\n\n<p><a href=\"https:\/\/bachman-detailing.pl\/index.php\/pranie-tapicerki\/\" data-type=\"URL\" data-id=\"https:\/\/bachman-detailing.pl\/index.php\/pranie-tapicerki\/\">&#8211; zobacz wi\u0119cej&#8230;<\/a><\/p>\n<\/div><\/div>\n\n\n\n<div class=\"wp-block-media-text alignwide is-stacked-on-mobile\"><figure class=\"wp-block-media-text__media\"><img loading=\"lazy\" decoding=\"async\" width=\"1024\" height=\"683\" src=\"https:\/\/bachman-detailing.pl\/wp-content\/uploads\/2021\/08\/IMG_2326-1024x683.jpg\" alt=\"czyszczenie plastik\u00f3w\" class=\"wp-image-100 size-full\" srcset=\"https:\/\/bachman-detailing.pl\/wp-content\/uploads\/2021\/08\/IMG_2326-1024x683.jpg 1024w, https:\/\/bachman-detailing.pl\/wp-content\/uploads\/2021\/08\/IMG_2326-300x200.jpg 300w, https:\/\/bachman-detailing.pl\/wp-content\/uploads\/2021\/08\/IMG_2326-768x512.jpg 768w, https:\/\/bachman-detailing.pl\/wp-content\/uploads\/2021\/08\/IMG_2326-1536x1024.jpg 1536w, https:\/\/bachman-detailing.pl\/wp-content\/uploads\/2021\/08\/IMG_2326-2048x1365.jpg 2048w\" sizes=\"auto, (max-width: 767px) 89vw, (max-width: 1000px) 54vw, (max-width: 1071px) 543px, 580px\" \/><\/figure><div class=\"wp-block-media-text__content\">\n<p class=\"has-medium-font-size\">Odkurzanie samochodu i czyszczenie plastik\u00f3w<\/p>\n\n\n\n<p>cena od 400z\u0142<\/p>\n<\/div><\/div>\n\n\n\n<div class=\"wp-block-media-text alignwide is-stacked-on-mobile\"><figure class=\"wp-block-media-text__media\"><img loading=\"lazy\" decoding=\"async\" width=\"1024\" height=\"683\" src=\"https:\/\/bachman-detailing.pl\/wp-content\/uploads\/2021\/08\/IMG_2570-1024x683.jpg\" alt=\"czyszczenie kompleksowe \" class=\"wp-image-116 size-full\" srcset=\"https:\/\/bachman-detailing.pl\/wp-content\/uploads\/2021\/08\/IMG_2570-1024x683.jpg 1024w, https:\/\/bachman-detailing.pl\/wp-content\/uploads\/2021\/08\/IMG_2570-300x200.jpg 300w, https:\/\/bachman-detailing.pl\/wp-content\/uploads\/2021\/08\/IMG_2570-768x512.jpg 768w, https:\/\/bachman-detailing.pl\/wp-content\/uploads\/2021\/08\/IMG_2570-1536x1024.jpg 1536w, https:\/\/bachman-detailing.pl\/wp-content\/uploads\/2021\/08\/IMG_2570-2048x1365.jpg 2048w\" sizes=\"auto, (max-width: 767px) 89vw, (max-width: 1000px) 54vw, (max-width: 1071px) 543px, 580px\" \/><\/figure><div class=\"wp-block-media-text__content\">\n<p class=\"has-medium-font-size\">Kompleksowe czyszczenie wn\u0119trza, w tym us\u0142uga prania tapicerki<\/p>\n\n\n\n<p>Cena od 650z\u0142<\/p>\n<\/div><\/div>\n\n\n\n<div class=\"wp-block-media-text alignwide is-stacked-on-mobile\"><figure class=\"wp-block-media-text__media\"><img loading=\"lazy\" decoding=\"async\" width=\"1024\" height=\"683\" src=\"https:\/\/bachman-detailing.pl\/wp-content\/uploads\/2021\/08\/IMG_2637-1024x683.jpg\" alt=\"\" class=\"wp-image-98 size-full\" srcset=\"https:\/\/bachman-detailing.pl\/wp-content\/uploads\/2021\/08\/IMG_2637-1024x683.jpg 1024w, https:\/\/bachman-detailing.pl\/wp-content\/uploads\/2021\/08\/IMG_2637-300x200.jpg 300w, https:\/\/bachman-detailing.pl\/wp-content\/uploads\/2021\/08\/IMG_2637-768x512.jpg 768w, https:\/\/bachman-detailing.pl\/wp-content\/uploads\/2021\/08\/IMG_2637-1536x1024.jpg 1536w, https:\/\/bachman-detailing.pl\/wp-content\/uploads\/2021\/08\/IMG_2637-2048x1365.jpg 2048w\" sizes=\"auto, (max-width: 767px) 89vw, (max-width: 1000px) 54vw, (max-width: 1071px) 543px, 580px\" \/><\/figure><div class=\"wp-block-media-text__content\">\n<p class=\"has-medium-font-size\">Ozonowanie (usuwanie grzyb\u00f3w i wirus\u00f3w)<\/p>\n\n\n\n<p>cena od 100zl <\/p>\n<\/div><\/div>\n\n\n\n<div class=\"wp-block-media-text alignwide is-stacked-on-mobile\"><figure class=\"wp-block-media-text__media\"><img loading=\"lazy\" decoding=\"async\" width=\"1024\" height=\"683\" src=\"https:\/\/bachman-detailing.pl\/wp-content\/uploads\/2021\/08\/IMG_2501-1024x683.jpg\" alt=\"polerowanie lakieru\" class=\"wp-image-112 size-full\" srcset=\"https:\/\/bachman-detailing.pl\/wp-content\/uploads\/2021\/08\/IMG_2501-1024x683.jpg 1024w, https:\/\/bachman-detailing.pl\/wp-content\/uploads\/2021\/08\/IMG_2501-300x200.jpg 300w, https:\/\/bachman-detailing.pl\/wp-content\/uploads\/2021\/08\/IMG_2501-768x512.jpg 768w, https:\/\/bachman-detailing.pl\/wp-content\/uploads\/2021\/08\/IMG_2501-1536x1024.jpg 1536w, https:\/\/bachman-detailing.pl\/wp-content\/uploads\/2021\/08\/IMG_2501-2048x1365.jpg 2048w\" sizes=\"auto, (max-width: 767px) 89vw, (max-width: 1000px) 54vw, (max-width: 1071px) 543px, 580px\" \/><\/figure><div class=\"wp-block-media-text__content\">\n<p class=\"has-medium-font-size\">korekta lakieru<\/p>\n\n\n\n<p>od 1000z\u0142 korekta one-step<\/p>\n\n\n\n<p>od 1500z\u0142 pe\u0142na korekta<\/p>\n\n\n\n<p>pojedynczy element &#8211; od 150z\u0142<\/p>\n<\/div><\/div>\n\n\n\n<div class=\"wp-block-media-text alignwide is-stacked-on-mobile\"><figure class=\"wp-block-media-text__media\"><img loading=\"lazy\" decoding=\"async\" width=\"1024\" height=\"683\" src=\"https:\/\/bachman-detailing.pl\/wp-content\/uploads\/2021\/08\/IMG_2204-1024x683.jpg\" alt=\"auto detailing\" class=\"wp-image-97 size-full\" srcset=\"https:\/\/bachman-detailing.pl\/wp-content\/uploads\/2021\/08\/IMG_2204-1024x683.jpg 1024w, https:\/\/bachman-detailing.pl\/wp-content\/uploads\/2021\/08\/IMG_2204-300x200.jpg 300w, https:\/\/bachman-detailing.pl\/wp-content\/uploads\/2021\/08\/IMG_2204-768x512.jpg 768w, https:\/\/bachman-detailing.pl\/wp-content\/uploads\/2021\/08\/IMG_2204-1536x1024.jpg 1536w, https:\/\/bachman-detailing.pl\/wp-content\/uploads\/2021\/08\/IMG_2204-2048x1365.jpg 2048w\" sizes=\"auto, (max-width: 767px) 89vw, (max-width: 1000px) 54vw, (max-width: 1071px) 543px, 580px\" \/><\/figure><div class=\"wp-block-media-text__content\">\n<p class=\"has-medium-font-size\">czyszczenie detailingowe wn\u0119trza samochodu<\/p>\n\n\n\n<p>cena od 700z\u0142<\/p>\n<\/div><\/div>\n\n\n\n<div class=\"wp-block-media-text alignwide is-stacked-on-mobile\"><figure class=\"wp-block-media-text__media\"><img loading=\"lazy\" decoding=\"async\" width=\"1024\" height=\"683\" src=\"https:\/\/bachman-detailing.pl\/wp-content\/uploads\/2021\/08\/IMG_2358-1024x683.jpg\" alt=\"\" class=\"wp-image-101 size-full\" srcset=\"https:\/\/bachman-detailing.pl\/wp-content\/uploads\/2021\/08\/IMG_2358-1024x683.jpg 1024w, https:\/\/bachman-detailing.pl\/wp-content\/uploads\/2021\/08\/IMG_2358-300x200.jpg 300w, https:\/\/bachman-detailing.pl\/wp-content\/uploads\/2021\/08\/IMG_2358-768x512.jpg 768w, https:\/\/bachman-detailing.pl\/wp-content\/uploads\/2021\/08\/IMG_2358-1536x1024.jpg 1536w, https:\/\/bachman-detailing.pl\/wp-content\/uploads\/2021\/08\/IMG_2358-2048x1365.jpg 2048w\" sizes=\"auto, (max-width: 767px) 89vw, (max-width: 1000px) 54vw, (max-width: 1071px) 543px, 580px\" \/><\/figure><div class=\"wp-block-media-text__content\">\n<p class=\"has-medium-font-size\">czyszczenie i konserwacja tapicerki sk\u00f3rzanej <\/p>\n\n\n\n<p>cena od 350z\u0142<\/p>\n<\/div><\/div>\n\n\n\n<div class=\"wp-block-media-text alignwide is-stacked-on-mobile\"><figure class=\"wp-block-media-text__media\"><img loading=\"lazy\" decoding=\"async\" width=\"1024\" height=\"683\" src=\"https:\/\/bachman-detailing.pl\/wp-content\/uploads\/2021\/08\/IMG_2413-1024x683.jpg\" alt=\"Ceramic coating\" class=\"wp-image-146 size-full\" srcset=\"https:\/\/bachman-detailing.pl\/wp-content\/uploads\/2021\/08\/IMG_2413-1024x683.jpg 1024w, https:\/\/bachman-detailing.pl\/wp-content\/uploads\/2021\/08\/IMG_2413-300x200.jpg 300w, https:\/\/bachman-detailing.pl\/wp-content\/uploads\/2021\/08\/IMG_2413-768x512.jpg 768w, https:\/\/bachman-detailing.pl\/wp-content\/uploads\/2021\/08\/IMG_2413-1536x1024.jpg 1536w, https:\/\/bachman-detailing.pl\/wp-content\/uploads\/2021\/08\/IMG_2413-2048x1365.jpg 2048w\" sizes=\"auto, (max-width: 767px) 89vw, (max-width: 1000px) 54vw, (max-width: 1071px) 543px, 580px\" \/><\/figure><div class=\"wp-block-media-text__content\">\n<p class=\"has-medium-font-size\">Pow\u0142oki kwarcowe<\/p>\n\n\n\n<p>cena od 1500z\u0142<\/p>\n<\/div><\/div>\n\n\n\n<div class=\"wp-block-media-text alignwide is-stacked-on-mobile\"><figure class=\"wp-block-media-text__media\"><img loading=\"lazy\" decoding=\"async\" width=\"1024\" height=\"683\" src=\"https:\/\/bachman-detailing.pl\/wp-content\/uploads\/2021\/08\/IMG_2807-1024x683.jpg\" alt=\"\" class=\"wp-image-148 size-full\" srcset=\"https:\/\/bachman-detailing.pl\/wp-content\/uploads\/2021\/08\/IMG_2807-1024x683.jpg 1024w, https:\/\/bachman-detailing.pl\/wp-content\/uploads\/2021\/08\/IMG_2807-300x200.jpg 300w, https:\/\/bachman-detailing.pl\/wp-content\/uploads\/2021\/08\/IMG_2807-768x512.jpg 768w, https:\/\/bachman-detailing.pl\/wp-content\/uploads\/2021\/08\/IMG_2807-1536x1024.jpg 1536w, https:\/\/bachman-detailing.pl\/wp-content\/uploads\/2021\/08\/IMG_2807-2048x1365.jpg 2048w\" sizes=\"auto, (max-width: 767px) 89vw, (max-width: 1000px) 54vw, (max-width: 1071px) 543px, 580px\" \/><\/figure><div class=\"wp-block-media-text__content\">\n<p class=\"has-medium-font-size\">Impregnacja dach\u00f3w cabrio pow\u0142ok\u0105 hydrofobow\u0105<\/p>\n\n\n\n<p>cena od 500z\u0142<\/p>\n<\/div><\/div>\n\n\n\n<div class=\"wp-block-media-text alignwide is-stacked-on-mobile\"><figure class=\"wp-block-media-text__media\"><img loading=\"lazy\" decoding=\"async\" width=\"1024\" height=\"683\" src=\"https:\/\/bachman-detailing.pl\/wp-content\/uploads\/2021\/08\/IMG_2152-1024x683.jpg\" alt=\"\" class=\"wp-image-102 size-full\" srcset=\"https:\/\/bachman-detailing.pl\/wp-content\/uploads\/2021\/08\/IMG_2152-1024x683.jpg 1024w, https:\/\/bachman-detailing.pl\/wp-content\/uploads\/2021\/08\/IMG_2152-300x200.jpg 300w, https:\/\/bachman-detailing.pl\/wp-content\/uploads\/2021\/08\/IMG_2152-768x512.jpg 768w, https:\/\/bachman-detailing.pl\/wp-content\/uploads\/2021\/08\/IMG_2152-1536x1024.jpg 1536w, https:\/\/bachman-detailing.pl\/wp-content\/uploads\/2021\/08\/IMG_2152-2048x1365.jpg 2048w\" sizes=\"auto, (max-width: 767px) 89vw, (max-width: 1000px) 54vw, (max-width: 1071px) 543px, 580px\" \/><\/figure><div class=\"wp-block-media-text__content\">\n<p class=\"has-medium-font-size\">Karty podarunkowe, Vouchery<\/p>\n\n\n\n<p>Dowolona kwota lub us\u0142uga<\/p>\n<\/div><\/div>\n\n\n\n<p><\/p>\n\n\n\n<h2 class=\"wp-block-heading has-text-align-left\">Formy p\u0142atno\u015bci<\/h2>\n\n\n<div class=\"wp-block-image\">\n<figure class=\"aligncenter size-large is-resized\"><img loading=\"lazy\" decoding=\"async\" width=\"1024\" height=\"439\" src=\"https:\/\/bachman-detailing.pl\/wp-content\/uploads\/2023\/08\/logo-gotowka-1024x439.png\" alt=\"\" class=\"wp-image-187\" style=\"width:403px;height:173px\" srcset=\"https:\/\/bachman-detailing.pl\/wp-content\/uploads\/2023\/08\/logo-gotowka-1024x439.png 1024w, https:\/\/bachman-detailing.pl\/wp-content\/uploads\/2023\/08\/logo-gotowka-300x129.png 300w, https:\/\/bachman-detailing.pl\/wp-content\/uploads\/2023\/08\/logo-gotowka-768x329.png 768w, https:\/\/bachman-detailing.pl\/wp-content\/uploads\/2023\/08\/logo-gotowka-1536x658.png 1536w, https:\/\/bachman-detailing.pl\/wp-content\/uploads\/2023\/08\/logo-gotowka-2048x878.png 2048w\" sizes=\"auto, (max-width: 767px) 89vw, (max-width: 1000px) 54vw, (max-width: 1071px) 543px, 580px\" \/><figcaption class=\"wp-element-caption\">P\u0142atno\u015b\u0107 Got\u00f3wk\u0105<\/figcaption><\/figure>\n<\/div>\n\n<div class=\"wp-block-image\">\n<figure class=\"aligncenter size-full is-resized\"><img loading=\"lazy\" decoding=\"async\" width=\"400\" height=\"200\" src=\"https:\/\/bachman-detailing.pl\/wp-content\/uploads\/2023\/08\/obraz_2023-08-24_110442222.png\" alt=\"\" class=\"wp-image-189\" style=\"width:305px;height:153px\" srcset=\"https:\/\/bachman-detailing.pl\/wp-content\/uploads\/2023\/08\/obraz_2023-08-24_110442222.png 400w, https:\/\/bachman-detailing.pl\/wp-content\/uploads\/2023\/08\/obraz_2023-08-24_110442222-300x150.png 300w\" sizes=\"auto, (max-width: 400px) 100vw, 400px\" \/><figcaption class=\"wp-element-caption\">P\u0142atno\u015bci zbli\u017ceniowe<\/figcaption><\/figure>\n<\/div>\n\n<div class=\"wp-block-image\">\n<figure class=\"aligncenter is-resized\"><img loading=\"lazy\" decoding=\"async\" width=\"225\" height=\"225\" src=\"https:\/\/bachman-detailing.pl\/wp-content\/uploads\/2023\/08\/obraz_2023-08-24_110221440.png\" alt=\"\" class=\"wp-image-186\" style=\"width:145px;height:145px\" srcset=\"https:\/\/bachman-detailing.pl\/wp-content\/uploads\/2023\/08\/obraz_2023-08-24_110221440.png 225w, https:\/\/bachman-detailing.pl\/wp-content\/uploads\/2023\/08\/obraz_2023-08-24_110221440-150x150.png 150w, https:\/\/bachman-detailing.pl\/wp-content\/uploads\/2023\/08\/obraz_2023-08-24_110221440-100x100.png 100w\" sizes=\"auto, (max-width: 225px) 100vw, 225px\" \/><figcaption class=\"wp-element-caption\">BLIK<\/figcaption><\/figure>\n<\/div>\n\n<div class=\"wp-block-image\">\n<figure class=\"aligncenter size-full is-resized\"><img loading=\"lazy\" decoding=\"async\" width=\"406\" height=\"124\" src=\"https:\/\/bachman-detailing.pl\/wp-content\/uploads\/2023\/08\/pobrany-plik.png\" alt=\"\" class=\"wp-image-188\" style=\"width:307px;height:94px\" srcset=\"https:\/\/bachman-detailing.pl\/wp-content\/uploads\/2023\/08\/pobrany-plik.png 406w, https:\/\/bachman-detailing.pl\/wp-content\/uploads\/2023\/08\/pobrany-plik-300x92.png 300w\" sizes=\"auto, (max-width: 406px) 100vw, 406px\" \/><figcaption class=\"wp-element-caption\">P\u0142atno\u015b\u0107 Kart\u0105<\/figcaption><\/figure>\n<\/div>\n\n\n<p>Dla sta\u0142ych klient\u00f3w oferuj\u0119 dodatkow\u0105 form\u0119 p\u0142atno\u015bci &#8211; przelew.<\/p>\n\n\n\n<p>Wystawiamy faktur\u0119 VAT lub paragon.<\/p>\n","protected":false},"excerpt":{"rendered":"<p>Pranie tapicerki samochodowej Cena od 350z\u0142 &#8211; zobacz wi\u0119cej&#8230; Odkurzanie samochodu i czyszczenie plastik\u00f3w cena od 400z\u0142 Kompleksowe czyszczenie wn\u0119trza, w tym us\u0142uga prania tapicerki Cena od 650z\u0142 Ozonowanie (usuwanie grzyb\u00f3w i wirus\u00f3w) cena od 100zl korekta lakieru od 1000z\u0142 korekta one-step od 1500z\u0142 pe\u0142na korekta pojedynczy element &#8211; od 150z\u0142 czyszczenie detailingowe wn\u0119trza samochodu &hellip; <\/p>\n<p class=\"link-more\"><a href=\"https:\/\/bachman-detailing.pl\/index.php\/cennik\/\" class=\"more-link\">Czytaj dalej<span class=\"screen-reader-text\"> \u201eCennik\u201d<\/span><\/a><\/p>\n","protected":false},"author":1,"featured_media":0,"parent":0,"menu_order":0,"comment_status":"closed","ping_status":"closed","template":"","meta":{"footnotes":""},"class_list":["post-11","page","type-page","status-publish","hentry"],"_links":{"self":[{"href":"https:\/\/bachman-detailing.pl\/index.php\/wp-json\/wp\/v2\/pages\/11","targetHints":{"allow":["GET"]}}],"collection":[{"href":"https:\/\/bachman-detailing.pl\/index.php\/wp-json\/wp\/v2\/pages"}],"about":[{"href":"https:\/\/bachman-detailing.pl\/index.php\/wp-json\/wp\/v2\/types\/page"}],"author":[{"embeddable":true,"href":"https:\/\/bachman-detailing.pl\/index.php\/wp-json\/wp\/v2\/users\/1"}],"replies":[{"embeddable":true,"href":"https:\/\/bachman-detailing.pl\/index.php\/wp-json\/wp\/v2\/comments?post=11"}],"version-history":[{"count":19,"href":"https:\/\/bachman-detailing.pl\/index.php\/wp-json\/wp\/v2\/pages\/11\/revisions"}],"predecessor-version":[{"id":216,"href":"https:\/\/bachman-detailing.pl\/index.php\/wp-json\/wp\/v2\/pages\/11\/revisions\/216"}],"wp:attachment":[{"href":"https:\/\/bachman-detailing.pl\/index.php\/wp-json\/wp\/v2\/media?parent=11"}],"curies":[{"name":"wp","href":"https:\/\/api.w.org\/{rel}","templated":true}]}}